{"id":58,"date":"2025-04-06T12:17:52","date_gmt":"2025-04-06T10:17:52","guid":{"rendered":"http:\/\/legallabconsulting.com\/?page_id=58"},"modified":"2025-04-10T17:12:23","modified_gmt":"2025-04-10T15:12:23","slug":"aviso-legal","status":"publish","type":"page","link":"https:\/\/legallabconsulting.com\/en\/aviso-legal\/","title":{"rendered":"LEGAL NOTICE"},"content":{"rendered":"<p><strong><u>LEGAL NOTICE<\/u><\/strong><\/p>\n<p>&nbsp;<\/p>\n<ol>\n<li>1. Identification data<\/li>\n<\/ol>\n<p>&nbsp;<\/p>\n<p>In compliance with the duty of information contained in Article 10 of Law 34\/2002, of July 11, 2002,\non Information Society Services and Electronic Commerce (LSSI-CE), the following information is\nprovided regarding the owner of this website:<\/p>\n<p>&nbsp;<\/p>\n<ul>\n<li>Owner: LEGALLAB CONSULTING, SLP<\/li>\n<li>CIF: B 67989657. Inscrita en el Registro Mercantil de Barcelona, Hoja B-574885, Tomo 48179, Folio 2.<\/li>\n<li>Registered office: Paseo de gracia 12-14, 4\u00ba 1\u00aa - 08007- Barcelona<\/li>\n<li>Contact e-mail: <a href=\"mailto:info@legallabconsulting.com\">info@legallabconsulting.com<\/a><\/li>\n<\/ul>\n<p>&nbsp;<\/p>\n<p>(Hereinafter, &quot;the Responsible&quot; or &quot;the Registrant&quot;)<\/p>\n<p>&nbsp;<\/p>\n<ol start=\"2\">\n<li>Users<\/li>\n<\/ol>\n<p>&nbsp;<\/p>\n<p>Access and \/ or use of this website attributes the condition of user, which implies full and\nunreserved acceptance of all provisions contained in this Legal Notice in the version published at\nthe time of access. The user agrees to use the website and its services in accordance with the law,\nmorality, public order and these conditions.<\/p>\n<p>&nbsp;<\/p>\n<ol start=\"3\">\n<li>Use of the website<\/li>\n<\/ol>\n<p>&nbsp;<\/p>\n<p>The website provides access to information, contents, products and services (hereinafter, &quot;the\ncontents&quot;) belonging to the Responsible Party or third parties. The user assumes responsibility for\nthe use of the portal and undertakes to make appropriate use of the contents and services offered,\nrefraining from using them for illegal activities or contrary to good faith, public order, or that may\ndamage the image, interests or rights of the Responsible or third parties.<\/p>\n<p>&nbsp;<\/p>\n<ol start=\"4\">\n<li>Intellectual and industrial property<\/li>\n<\/ol>\n<p>&nbsp;<\/p>\n<p>All the contents of the website, including but not limited to texts, images, graphic designs, logos,\nicons, software, commercial names, trademarks or distinctive signs, are protected by intellectual\nand industrial property rights, owned by the Responsible Party or by third parties who have\nauthorized their use.<\/p>\n<p>&nbsp;<\/p>\n<p>The reproduction, distribution, public communication, transformation or any other form of\nunauthorized exploitation of such content without the express consent of the Responsible is strictly\nprohibited.<\/p>\n<p>&nbsp;<\/p>\n<ol start=\"5\">\n<li>Protection of personal data<\/li>\n<\/ol>\n<p>&nbsp;<\/p>\n<p>The Responsible undertakes to treat the personal data of users in accordance with current\nlegislation, and especially the Regulation (EU) 2016\/679 of 27 April (RGPD), and the Organic Law\n3\/2018 of 5 December (LOPDGDD). For more information on how we treat personal data, please\nsee our [Privacy Policy].<\/p>\n<p>&nbsp;<\/p>\n<ol start=\"6\">\n<li>Disclaimer of warranties and liability<\/li>\n<\/ol>\n<p>&nbsp;<\/p>\n<p>The Responsible does not guarantee the availability, continuity or infallibility of the operation of the\nwebsite and its services, and shall not be liable for any damages arising from access or use\nthereof. Likewise, it does not guarantee the absence of viruses or other harmful elements that may\ncause alterations in the user&#039;s computer systems (software or hardware) or in its electronic\ndocuments.<\/p>\n<p>&nbsp;<\/p>\n<ol start=\"7\">\n<li>Modifications<\/li>\n<\/ol>\n<p>&nbsp;<\/p>\n<p>The Responsible reserves the right to modify at any time this Legal Notice, as well as any other\nparticular conditions, policies or instructions applicable. The modifications will be published visibly\non the website and will take effect from the moment of their publication.<\/p>\n<p>&nbsp;<\/p>\n<ol start=\"8\">\n<li>External links<\/li>\n<\/ol>\n<p>&nbsp;<\/p>\n<p>This website may include links to external sites. The Responsible does not exercise any control\nover such sites and content, nor does it assume any responsibility for them. The inclusion of such\nlinks does not necessarily imply an association, approval or recommendation by the Responsible.<\/p>\n<p>&nbsp;<\/p>\n<ol start=\"9\">\n<li>Applicable Law and Jurisdiction<\/li>\n<\/ol>\n<p>&nbsp;<\/p>\n<p>This Legal Notice is governed by Spanish law. In case of controversy or conflict arising from the\nuse of the website, the parties agree to submit to the jurisdiction of the Courts and Tribunals\naccording to Law.<\/p>","protected":false},"excerpt":{"rendered":"<p>AVISO LEGAL &nbsp; Datos identificativos &nbsp; En cumplimiento del deber de informaci\u00f3n recogido en el art\u00edculo 10 de la Ley 34\/2002, de 11 de julio, de Servicios de la Sociedad de la Informaci\u00f3n y del Comercio Electr\u00f3nico (LSSI-CE), se facilita la siguiente informaci\u00f3n relativa al titular de este sitio web: &nbsp; Titular: LEGALLAB CONSULTING, SLP [&hellip;]<\/p>","protected":false},"author":3,"featured_media":0,"parent":0,"menu_order":0,"comment_status":"closed","ping_status":"closed","template":"","meta":{"footnotes":""},"class_list":["post-58","page","type-page","status-publish","hentry"],"_links":{"self":[{"href":"https:\/\/legallabconsulting.com\/en\/wp-json\/wp\/v2\/pages\/58","targetHints":{"allow":["GET"]}}],"collection":[{"href":"https:\/\/legallabconsulting.com\/en\/wp-json\/wp\/v2\/pages"}],"about":[{"href":"https:\/\/legallabconsulting.com\/en\/wp-json\/wp\/v2\/types\/page"}],"author":[{"embeddable":true,"href":"https:\/\/legallabconsulting.com\/en\/wp-json\/wp\/v2\/users\/3"}],"replies":[{"embeddable":true,"href":"https:\/\/legallabconsulting.com\/en\/wp-json\/wp\/v2\/comments?post=58"}],"version-history":[{"count":4,"href":"https:\/\/legallabconsulting.com\/en\/wp-json\/wp\/v2\/pages\/58\/revisions"}],"predecessor-version":[{"id":389,"href":"https:\/\/legallabconsulting.com\/en\/wp-json\/wp\/v2\/pages\/58\/revisions\/389"}],"wp:attachment":[{"href":"https:\/\/legallabconsulting.com\/en\/wp-json\/wp\/v2\/media?parent=58"}],"curies":[{"name":"wp","href":"https:\/\/api.w.org\/{rel}","templated":true}]}}